{"id":6326,"date":"2021-12-12T23:17:40","date_gmt":"2021-12-12T23:17:40","guid":{"rendered":"https:\/\/ecoenergy.az\/?page_id=6326"},"modified":"2021-12-12T23:26:01","modified_gmt":"2021-12-12T23:26:01","slug":"contact","status":"publish","type":"page","link":"https:\/\/ecoenergy.az\/en\/contact\/","title":{"rendered":"Contact"},"content":{"rendered":"\t\t<div data-elementor-type=\"wp-page\" data-elementor-id=\"6326\" class=\"elementor elementor-6326\">\n\t\t\t\t\t\t\t\t\t<div class=\"elementor-section elementor-top-section elementor-element elementor-element-e11babb elementor-section-stretched elementor-section-boxed elementor-section-height-default elementor-section-height-default\" data-id=\"e11babb\" data-element_type=\"section\" data-settings=\"{&quot;stretch_section&quot;:&quot;section-stretched&quot;}\">\n\t\t\t\t\t\t<div class=\"elementor-container elementor-column-gap-default\">\n\t\t\t\t\t<div class=\"elementor-column elementor-col-50 elementor-top-column elementor-element elementor-element-e971d0b\" data-id=\"e971d0b\" data-element_type=\"column\">\n\t\t\t<div class=\"elementor-widget-wrap elementor-element-populated\">\n\t\t\t\t\t\t\t\t<div class=\"elementor-element elementor-element-cb77aa6 elementor-widget elementor-widget-section_title\" data-id=\"cb77aa6\" data-element_type=\"widget\" data-widget_type=\"section_title.default\">\n\t\t\t\t<div class=\"elementor-widget-container\">\n\t\t\t<div class=\" title-box\"><span>Contact<\/span><h2 class=\"title\">Contact Form<\/h2><\/div>\t\t<\/div>\n\t\t\t\t<\/div>\n\t\t\t\t<div class=\"elementor-element elementor-element-61988b7 elementor-widget elementor-widget-shortcode\" data-id=\"61988b7\" data-element_type=\"widget\" data-widget_type=\"shortcode.default\">\n\t\t\t\t<div class=\"elementor-widget-container\">\n\t\t\t\t\t<div class=\"elementor-shortcode\"><div role=\"form\" class=\"wpcf7\" id=\"wpcf7-f6332-o1\" lang=\"en-US\" dir=\"ltr\">\n<div class=\"screen-reader-response\"><p role=\"status\" aria-live=\"polite\" aria-atomic=\"true\"><\/p> <ul><\/ul><\/div>\n<form action=\"\/en\/wp-json\/wp\/v2\/pages\/6326#wpcf7-f6332-o1\" method=\"post\" class=\"wpcf7-form init\" novalidate=\"novalidate\" data-status=\"init\">\n<div style=\"display: none;\">\n<input type=\"hidden\" name=\"_wpcf7\" value=\"6332\" \/>\n<input type=\"hidden\" name=\"_wpcf7_version\" value=\"5.6.4\" \/>\n<input type=\"hidden\" name=\"_wpcf7_locale\" value=\"en_US\" \/>\n<input type=\"hidden\" name=\"_wpcf7_unit_tag\" value=\"wpcf7-f6332-o1\" \/>\n<input type=\"hidden\" name=\"_wpcf7_container_post\" value=\"0\" \/>\n<input type=\"hidden\" name=\"_wpcf7_posted_data_hash\" value=\"\" \/>\n<input type=\"hidden\" name=\"_wpcf7_recaptcha_response\" value=\"\" \/>\n<\/div>\n<div class=row>\n<div class=\"col-lg-6\">\n    <span class=\"wpcf7-form-control-wrap\" data-name=\"first-name\"><input type=\"text\" name=\"first-name\" value=\"\" size=\"40\" class=\"wpcf7-form-control wpcf7-text wpcf7-validates-as-required\" aria-required=\"true\" aria-invalid=\"false\" placeholder=\"Name\" \/><\/span>\n<\/div>\n<div class=\"col-lg-6\">\n    <span class=\"wpcf7-form-control-wrap\" data-name=\"last-name\"><input type=\"text\" name=\"last-name\" value=\"\" size=\"40\" class=\"wpcf7-form-control wpcf7-text wpcf7-validates-as-required\" aria-required=\"true\" aria-invalid=\"false\" placeholder=\"Surname\" \/><\/span>\n<\/div>\n<div class=\"col-lg-6\">\n    <span class=\"wpcf7-form-control-wrap\" data-name=\"your-email\"><input type=\"email\" name=\"your-email\" value=\"\" size=\"40\" class=\"wpcf7-form-control wpcf7-text wpcf7-email wpcf7-validates-as-required wpcf7-validates-as-email\" aria-required=\"true\" aria-invalid=\"false\" placeholder=\"Email address\" \/><\/span>\n<\/div>\n<div class=\"col-lg-6\">\n<span class=\"wpcf7-form-control-wrap\" data-name=\"tel-554\"><input type=\"tel\" name=\"tel-554\" value=\"\" size=\"40\" class=\"wpcf7-form-control wpcf7-text wpcf7-tel wpcf7-validates-as-tel\" aria-invalid=\"false\" placeholder=\"Phone\" \/><\/span>\n<\/div>\n<div class=\"col-lg-12\">\n<p>    <span class=\"wpcf7-form-control-wrap\" data-name=\"your-message\"><textarea name=\"your-message\" cols=\"40\" rows=\"10\" class=\"wpcf7-form-control wpcf7-textarea\" aria-invalid=\"false\" placeholder=\"Message\"><\/textarea><\/span>\n<\/p><\/div>\n<div class=\"col-lg-12\">\n<input type=\"submit\" value=\"Send\" class=\"wpcf7-form-control has-spinner wpcf7-submit\" \/>\n<\/div>\n<\/div>\n<div class=\"wpcf7-response-output\" aria-hidden=\"true\"><\/div><\/form><\/div><\/div>\n\t\t\t\t<\/div>\n\t\t\t\t<\/div>\n\t\t\t\t\t<\/div>\n\t\t<\/div>\n\t\t\t\t<div class=\"elementor-column elementor-col-50 elementor-top-column elementor-element elementor-element-128fe63\" data-id=\"128fe63\" data-element_type=\"column\">\n\t\t\t<div class=\"elementor-widget-wrap elementor-element-populated\">\n\t\t\t\t\t\t\t\t<div class=\"elementor-element elementor-element-046b4c4 iq-map elementor-widget elementor-widget-google_maps\" data-id=\"046b4c4\" data-element_type=\"widget\" data-widget_type=\"google_maps.default\">\n\t\t\t\t<div class=\"elementor-widget-container\">\n\t\t\t<style>\/*! elementor - v3.8.0 - 30-10-2022 *\/\n.elementor-widget-google_maps .elementor-widget-container{overflow:hidden}.elementor-widget-google_maps iframe{height:300px}<\/style>\t\t<div class=\"elementor-custom-embed\">\n\t\t\t<iframe frameborder=\"0\" scrolling=\"no\" marginheight=\"0\" marginwidth=\"0\"\n\t\t\t\t\tsrc=\"https:\/\/maps.google.com\/maps?q=The%20Office%2C%20B%C9%99%C5%9Fir%20S%C9%99f%C9%99ro%C4%9Flu%20K%C3%BC%C3%A7%C9%99si%2C%20Bak%C3%BC&#038;t=m&#038;z=15&#038;output=embed&#038;iwloc=near\"\n\t\t\t\t\ttitle=\"The Office, B\u0259\u015fir S\u0259f\u0259ro\u011flu K\u00fc\u00e7\u0259si, Bak\u00fc\"\n\t\t\t\t\taria-label=\"The Office, B\u0259\u015fir S\u0259f\u0259ro\u011flu K\u00fc\u00e7\u0259si, Bak\u00fc\"\n\t\t\t><\/iframe>\n\t\t<\/div>\n\t\t\t\t<\/div>\n\t\t\t\t<\/div>\n\t\t\t\t\t<\/div>\n\t\t<\/div>\n\t\t\t\t\t\t\t<\/div>\n\t\t<\/div>\n\t\t\t\t<div class=\"elementor-section elementor-top-section elementor-element elementor-element-a05160f elementor-section-stretched elementor-section-boxed elementor-section-height-default elementor-section-height-default\" data-id=\"a05160f\" data-element_type=\"section\" data-settings=\"{&quot;stretch_section&quot;:&quot;section-stretched&quot;,&quot;background_background&quot;:&quot;classic&quot;}\">\n\t\t\t\t\t\t<div class=\"elementor-container elementor-column-gap-default\">\n\t\t\t\t\t<div class=\"elementor-column elementor-col-33 elementor-top-column elementor-element elementor-element-5894f3b\" data-id=\"5894f3b\" data-element_type=\"column\">\n\t\t\t<div class=\"elementor-widget-wrap elementor-element-populated\">\n\t\t\t\t\t\t\t\t<div class=\"elementor-element elementor-element-193d43a elementor-widget elementor-widget-enerzee_contact\" data-id=\"193d43a\" data-element_type=\"widget\" data-widget_type=\"enerzee_contact.default\">\n\t\t\t\t<div class=\"elementor-widget-container\">\n\t\t\t\n<div class=\"contact-box \">\n\t<div class=\"iq-icon\">\n\t\t\t\t\t<i aria-hidden=\"true\"  class=\"ion ion-ios-location\" ><\/i>\n\t\t\t<\/div>\n\t<div class=\"contact-detail\">\n\t\t<h4 class=\"\">Address<\/h4>\n\t\t\t\t\t\t\t<p class=\"mb-0\">Lotfizadeh Technology Center, Jafar Jabbarly street 44, Caspian Plaza 16th Floor, Baku, Azerbaijan, AZ1065 <\/p>\n\t\t\t\t\t<\/div>\n<\/div>\t\t<\/div>\n\t\t\t\t<\/div>\n\t\t\t\t\t<\/div>\n\t\t<\/div>\n\t\t\t\t<div class=\"elementor-column elementor-col-33 elementor-top-column elementor-element elementor-element-3543239\" data-id=\"3543239\" data-element_type=\"column\">\n\t\t\t<div class=\"elementor-widget-wrap elementor-element-populated\">\n\t\t\t\t\t\t\t\t<div class=\"elementor-element elementor-element-f6a5c8a elementor-widget elementor-widget-enerzee_contact\" data-id=\"f6a5c8a\" data-element_type=\"widget\" data-widget_type=\"enerzee_contact.default\">\n\t\t\t\t<div class=\"elementor-widget-container\">\n\t\t\t\n<div class=\"contact-box \">\n\t<div class=\"iq-icon\">\n\t\t\t\t\t<i aria-hidden=\"true\"  class=\"ion ion-ios-email\" ><\/i>\n\t\t\t<\/div>\n\t<div class=\"contact-detail\">\n\t\t<h4 class=\"\">Email<\/h4>\n\t\t<ul class=\"list-inline mb-0\">\n\t\t\t\t\t\t\t\t\t\t\t<li>\n\t\t\t\t\t\t\t<a href=\"mailto:http:\/\/info@ecoenergy.az\">\n\t\t\t\t\t\t\t\tinfo@ecoenergy.az\t\t\t\t\t\t\t<\/a>\n\t\t\t\t\t\t<\/li>\n\t\t\t\t\t\t\t\t\t<\/ul>\n\t\t\t\t<\/div>\n<\/div>\t\t<\/div>\n\t\t\t\t<\/div>\n\t\t\t\t\t<\/div>\n\t\t<\/div>\n\t\t\t\t<div class=\"elementor-column elementor-col-33 elementor-top-column elementor-element elementor-element-ae85b58\" data-id=\"ae85b58\" data-element_type=\"column\">\n\t\t\t<div class=\"elementor-widget-wrap elementor-element-populated\">\n\t\t\t\t\t\t\t\t<div class=\"elementor-element elementor-element-6993010 elementor-widget elementor-widget-enerzee_contact\" data-id=\"6993010\" data-element_type=\"widget\" data-widget_type=\"enerzee_contact.default\">\n\t\t\t\t<div class=\"elementor-widget-container\">\n\t\t\t\n<div class=\"contact-box \">\n\t<div class=\"iq-icon\">\n\t\t\t\t\t<i aria-hidden=\"true\"  class=\"ion ion-android-call\" ><\/i>\n\t\t\t<\/div>\n\t<div class=\"contact-detail\">\n\t\t<h4 class=\"\">Phone<\/h4>\n\t\t\t\t\t\t<ul class=\"list-inline mb-0\">\n\t\t\t\t\t\t\t\t\t\t\t<li>\n\t\t\t\t\t\t\t<a href=\"tel:+994557910367\">\n\t\t\t\t\t\t\t\t+994 55 791 03 67\t\t\t\t\t\t\t<\/a>\n\t\t\t\t\t\t<\/li>\n\t\t\t\t\t\t\t\t\t<\/ul>\n\t\t\t\t\t<\/div>\n<\/div>\t\t<\/div>\n\t\t\t\t<\/div>\n\t\t\t\t\t<\/div>\n\t\t<\/div>\n\t\t\t\t\t\t\t<\/div>\n\t\t<\/div>\n\t\t\t\t\t\t\t<\/div>\n\t\t","protected":false},"excerpt":{"rendered":"<p>Contact Contact Form Address Bashir\u00a0Safaroghlu\u00a0215, Baku, Azerbaijan.\u200b Email info@ecoenergy.az Phone +994 50 367 3200\u200b +994 50 367 3200\u200b<\/p>\n","protected":false},"author":1,"featured_media":0,"parent":0,"menu_order":0,"comment_status":"closed","ping_status":"closed","template":"","meta":[],"yoast_head":"<!-- This site is optimized with the Yoast SEO plugin v18.0 - https:\/\/yoast.com\/wordpress\/plugins\/seo\/ -->\n<title>EcoEnergy &ndash; Contact<\/title>\n<meta name=\"robots\" content=\"index, follow, max-snippet:-1, max-image-preview:large, max-video-preview:-1\" \/>\n<link rel=\"canonical\" href=\"https:\/\/ecoenergy.az\/en\/contact\/\" \/>\n<meta property=\"og:locale\" content=\"en_US\" \/>\n<meta property=\"og:type\" content=\"article\" \/>\n<meta property=\"og:title\" content=\"EcoEnergy &ndash; Contact\" \/>\n<meta property=\"og:description\" content=\"Contact Contact Form Address Bashir\u00a0Safaroghlu\u00a0215, Baku, Azerbaijan.\u200b Email info@ecoenergy.az Phone +994 50 367 3200\u200b +994 50 367 3200\u200b\" \/>\n<meta property=\"og:url\" content=\"https:\/\/ecoenergy.az\/en\/contact\/\" \/>\n<meta property=\"og:site_name\" content=\"EcoEnergy\" \/>\n<meta property=\"article:modified_time\" content=\"2021-12-12T23:26:01+00:00\" \/>\n<meta name=\"twitter:card\" content=\"summary_large_image\" \/>\n<script type=\"application\/ld+json\" class=\"yoast-schema-graph\">{\"@context\":\"https:\/\/schema.org\",\"@graph\":[{\"@type\":\"Organization\",\"@id\":\"https:\/\/ecoenergy.az\/#organization\",\"name\":\"EcoEnergy\",\"url\":\"https:\/\/ecoenergy.az\/\",\"sameAs\":[],\"logo\":{\"@type\":\"ImageObject\",\"@id\":\"https:\/\/ecoenergy.az\/#logo\",\"inLanguage\":\"en-US\",\"url\":\"https:\/\/ecoenergy.az\/wp-content\/uploads\/2021\/11\/logo-1.png\",\"contentUrl\":\"https:\/\/ecoenergy.az\/wp-content\/uploads\/2021\/11\/logo-1.png\",\"width\":565,\"height\":114,\"caption\":\"EcoEnergy\"},\"image\":{\"@id\":\"https:\/\/ecoenergy.az\/#logo\"}},{\"@type\":\"WebSite\",\"@id\":\"https:\/\/ecoenergy.az\/#website\",\"url\":\"https:\/\/ecoenergy.az\/\",\"name\":\"EcoEnergy\",\"description\":\"Sustainable Solutions\",\"publisher\":{\"@id\":\"https:\/\/ecoenergy.az\/#organization\"},\"potentialAction\":[{\"@type\":\"SearchAction\",\"target\":{\"@type\":\"EntryPoint\",\"urlTemplate\":\"https:\/\/ecoenergy.az\/?s={search_term_string}\"},\"query-input\":\"required name=search_term_string\"}],\"inLanguage\":\"en-US\"},{\"@type\":\"WebPage\",\"@id\":\"https:\/\/ecoenergy.az\/en\/contact\/#webpage\",\"url\":\"https:\/\/ecoenergy.az\/en\/contact\/\",\"name\":\"EcoEnergy &ndash; Contact\",\"isPartOf\":{\"@id\":\"https:\/\/ecoenergy.az\/#website\"},\"datePublished\":\"2021-12-12T23:17:40+00:00\",\"dateModified\":\"2021-12-12T23:26:01+00:00\",\"breadcrumb\":{\"@id\":\"https:\/\/ecoenergy.az\/en\/contact\/#breadcrumb\"},\"inLanguage\":\"en-US\",\"potentialAction\":[{\"@type\":\"ReadAction\",\"target\":[\"https:\/\/ecoenergy.az\/en\/contact\/\"]}]},{\"@type\":\"BreadcrumbList\",\"@id\":\"https:\/\/ecoenergy.az\/en\/contact\/#breadcrumb\",\"itemListElement\":[{\"@type\":\"ListItem\",\"position\":1,\"name\":\"Ana S\u0259hif\u0259\",\"item\":\"https:\/\/ecoenergy.az\/\"},{\"@type\":\"ListItem\",\"position\":2,\"name\":\"Contact\"}]}]}<\/script>\n<!-- \/ Yoast SEO plugin. -->","yoast_head_json":{"title":"EcoEnergy &ndash; Contact","robots":{"index":"index","follow":"follow","max-snippet":"max-snippet:-1","max-image-preview":"max-image-preview:large","max-video-preview":"max-video-preview:-1"},"canonical":"https:\/\/ecoenergy.az\/en\/contact\/","og_locale":"en_US","og_type":"article","og_title":"EcoEnergy &ndash; Contact","og_description":"Contact Contact Form Address Bashir\u00a0Safaroghlu\u00a0215, Baku, Azerbaijan.\u200b Email info@ecoenergy.az Phone +994 50 367 3200\u200b +994 50 367 3200\u200b","og_url":"https:\/\/ecoenergy.az\/en\/contact\/","og_site_name":"EcoEnergy","article_modified_time":"2021-12-12T23:26:01+00:00","twitter_card":"summary_large_image","schema":{"@context":"https:\/\/schema.org","@graph":[{"@type":"Organization","@id":"https:\/\/ecoenergy.az\/#organization","name":"EcoEnergy","url":"https:\/\/ecoenergy.az\/","sameAs":[],"logo":{"@type":"ImageObject","@id":"https:\/\/ecoenergy.az\/#logo","inLanguage":"en-US","url":"https:\/\/ecoenergy.az\/wp-content\/uploads\/2021\/11\/logo-1.png","contentUrl":"https:\/\/ecoenergy.az\/wp-content\/uploads\/2021\/11\/logo-1.png","width":565,"height":114,"caption":"EcoEnergy"},"image":{"@id":"https:\/\/ecoenergy.az\/#logo"}},{"@type":"WebSite","@id":"https:\/\/ecoenergy.az\/#website","url":"https:\/\/ecoenergy.az\/","name":"EcoEnergy","description":"Sustainable Solutions","publisher":{"@id":"https:\/\/ecoenergy.az\/#organization"},"potentialAction":[{"@type":"SearchAction","target":{"@type":"EntryPoint","urlTemplate":"https:\/\/ecoenergy.az\/?s={search_term_string}"},"query-input":"required name=search_term_string"}],"inLanguage":"en-US"},{"@type":"WebPage","@id":"https:\/\/ecoenergy.az\/en\/contact\/#webpage","url":"https:\/\/ecoenergy.az\/en\/contact\/","name":"EcoEnergy &ndash; Contact","isPartOf":{"@id":"https:\/\/ecoenergy.az\/#website"},"datePublished":"2021-12-12T23:17:40+00:00","dateModified":"2021-12-12T23:26:01+00:00","breadcrumb":{"@id":"https:\/\/ecoenergy.az\/en\/contact\/#breadcrumb"},"inLanguage":"en-US","potentialAction":[{"@type":"ReadAction","target":["https:\/\/ecoenergy.az\/en\/contact\/"]}]},{"@type":"BreadcrumbList","@id":"https:\/\/ecoenergy.az\/en\/contact\/#breadcrumb","itemListElement":[{"@type":"ListItem","position":1,"name":"Ana S\u0259hif\u0259","item":"https:\/\/ecoenergy.az\/"},{"@type":"ListItem","position":2,"name":"Contact"}]}]}},"_links":{"self":[{"href":"https:\/\/ecoenergy.az\/en\/wp-json\/wp\/v2\/pages\/6326"}],"collection":[{"href":"https:\/\/ecoenergy.az\/en\/wp-json\/wp\/v2\/pages"}],"about":[{"href":"https:\/\/ecoenergy.az\/en\/wp-json\/wp\/v2\/types\/page"}],"author":[{"embeddable":true,"href":"https:\/\/ecoenergy.az\/en\/wp-json\/wp\/v2\/users\/1"}],"replies":[{"embeddable":true,"href":"https:\/\/ecoenergy.az\/en\/wp-json\/wp\/v2\/comments?post=6326"}],"version-history":[{"count":9,"href":"https:\/\/ecoenergy.az\/en\/wp-json\/wp\/v2\/pages\/6326\/revisions"}],"predecessor-version":[{"id":6342,"href":"https:\/\/ecoenergy.az\/en\/wp-json\/wp\/v2\/pages\/6326\/revisions\/6342"}],"wp:attachment":[{"href":"https:\/\/ecoenergy.az\/en\/wp-json\/wp\/v2\/media?parent=6326"}],"curies":[{"name":"wp","href":"https:\/\/api.w.org\/{rel}","templated":true}]}}